{"id":31,"date":"2019-09-03T11:14:20","date_gmt":"2019-09-03T11:14:20","guid":{"rendered":"http:\/\/www.genspeed-biotech.com\/?page_id=31"},"modified":"2021-11-15T12:51:58","modified_gmt":"2021-11-15T12:51:58","slug":"technologie","status":"publish","type":"page","link":"https:\/\/www.genspeed-biotech.com\/?page_id=31","title":{"rendered":"Technologie"},"content":{"rendered":"\t\t<div data-elementor-type=\"wp-page\" data-elementor-id=\"31\" class=\"elementor elementor-31\" data-elementor-post-type=\"page\">\n\t\t\t\t\t\t<section class=\"elementor-section elementor-top-section elementor-element elementor-element-774e6979 elementor-section-boxed elementor-section-height-default elementor-section-height-default\" data-id=\"774e6979\" data-element_type=\"section\" data-e-type=\"section\">\n\t\t\t\t\t\t<div class=\"elementor-container elementor-column-gap-default\">\n\t\t\t\t\t<div class=\"elementor-column elementor-col-100 elementor-top-column elementor-element elementor-element-35126d67\" data-id=\"35126d67\" data-element_type=\"column\" data-e-type=\"column\">\n\t\t\t<div class=\"elementor-widget-wrap elementor-element-populated\">\n\t\t\t\t\t\t<div class=\"elementor-element elementor-element-4ba02485 elementor-widget elementor-widget-text-editor\" data-id=\"4ba02485\" data-element_type=\"widget\" data-e-type=\"widget\" data-widget_type=\"text-editor.default\">\n\t\t\t\t<div class=\"elementor-widget-container\">\n\t\t\t\t\t\t\t\t\t<p><\/p>\n<h3>Als Basis f\u00fcr unsere Tests dient die patentierte GENSPEED\u00ae-Technologie:<\/h3>\n<p>Sie kombiniert Mikrofluidik, miniaturisierte Optoelektronik und Automatisierung zu einem kompakten, einfachen und verl\u00e4sslichen Schnelltestsystem. GENSPEED\u00ae erlaubt, in einer Patientenprobe bis zu 8 Parameter gleichzeitig, direkt vor Ort und in wenigen Minuten mit hoher Empfindlichkeit nachzuweisen.<\/p>\n<p><\/p>\t\t\t\t\t\t\t\t<\/div>\n\t\t\t\t<\/div>\n\t\t\t\t\t<\/div>\n\t\t<\/div>\n\t\t\t\t\t<\/div>\n\t\t<\/section>\n\t\t\t\t<section class=\"elementor-section elementor-top-section elementor-element elementor-element-9bd9713 elementor-section-boxed elementor-section-height-default elementor-section-height-default\" data-id=\"9bd9713\" data-element_type=\"section\" data-e-type=\"section\">\n\t\t\t\t\t\t<div class=\"elementor-container elementor-column-gap-default\">\n\t\t\t\t\t<div class=\"elementor-column elementor-col-100 elementor-top-column elementor-element elementor-element-868170e\" data-id=\"868170e\" data-element_type=\"column\" data-e-type=\"column\">\n\t\t\t<div class=\"elementor-widget-wrap elementor-element-populated\">\n\t\t\t\t\t\t<div class=\"elementor-element elementor-element-9c02b90 elementor-widget elementor-widget-video\" data-id=\"9c02b90\" data-element_type=\"widget\" data-e-type=\"widget\" data-settings=\"{&quot;youtube_url&quot;:&quot;https:\\\/\\\/www.youtube.com\\\/watch?v=EgsA15pNvA8&amp;feature=youtu.be&quot;,&quot;video_type&quot;:&quot;youtube&quot;,&quot;controls&quot;:&quot;yes&quot;}\" data-widget_type=\"video.default\">\n\t\t\t\t<div class=\"elementor-widget-container\">\n\t\t\t\t\t\t\t<div class=\"elementor-wrapper elementor-open-inline\">\n\t\t\t<div class=\"elementor-video\"><\/div>\t\t<\/div>\n\t\t\t\t\t\t<\/div>\n\t\t\t\t<\/div>\n\t\t\t\t\t<\/div>\n\t\t<\/div>\n\t\t\t\t\t<\/div>\n\t\t<\/section>\n\t\t\t\t<section class=\"elementor-section elementor-top-section elementor-element elementor-element-b9b4de7 elementor-section-boxed elementor-section-height-default elementor-section-height-default\" data-id=\"b9b4de7\" data-element_type=\"section\" data-e-type=\"section\">\n\t\t\t\t\t\t<div class=\"elementor-container elementor-column-gap-default\">\n\t\t\t\t\t<div class=\"elementor-column elementor-col-100 elementor-top-column elementor-element elementor-element-8bc1515\" data-id=\"8bc1515\" data-element_type=\"column\" data-e-type=\"column\">\n\t\t\t<div class=\"elementor-widget-wrap elementor-element-populated\">\n\t\t\t\t\t\t<div class=\"elementor-element elementor-element-9962055 elementor-widget elementor-widget-text-editor\" data-id=\"9962055\" data-element_type=\"widget\" data-e-type=\"widget\" data-widget_type=\"text-editor.default\">\n\t\t\t\t<div class=\"elementor-widget-container\">\n\t\t\t\t\t\t\t\t\t<p>Im Rahmen der Testdurchf\u00fchrung wird einfach ein GENSPEED\u00ae-Testchip in das GENSPEED\u00ae R2 Ger\u00e4t eingelegt, die zuvor entsprechend vorbereitete Patientenprobe auf den Testchip aufgegeben, und nach wenigen Minuten wird das Testergebnis durch die GENSPEED\u00ae Report Software auf dem zugeh\u00f6rigen Laptop ausgegeben.<\/p>\t\t\t\t\t\t\t\t<\/div>\n\t\t\t\t<\/div>\n\t\t\t\t\t<\/div>\n\t\t<\/div>\n\t\t\t\t\t<\/div>\n\t\t<\/section>\n\t\t\t\t<section class=\"elementor-section elementor-top-section elementor-element elementor-element-0b5978e elementor-section-boxed elementor-section-height-default elementor-section-height-default\" data-id=\"0b5978e\" data-element_type=\"section\" data-e-type=\"section\">\n\t\t\t\t\t\t<div class=\"elementor-container elementor-column-gap-default\">\n\t\t\t\t\t<div class=\"elementor-column elementor-col-100 elementor-top-column elementor-element elementor-element-0675b7d\" data-id=\"0675b7d\" data-element_type=\"column\" data-e-type=\"column\">\n\t\t\t<div class=\"elementor-widget-wrap elementor-element-populated\">\n\t\t\t\t\t\t<div class=\"elementor-element elementor-element-4ca92e8 elementor-widget elementor-widget-text-editor\" data-id=\"4ca92e8\" data-element_type=\"widget\" data-e-type=\"widget\" data-widget_type=\"text-editor.default\">\n\t\t\t\t<div class=\"elementor-widget-container\">\n\t\t\t\t\t\t\t\t\t<h3>Die Vorteile der GENSPEED\u00ae Plattform auf einen Blick:<\/h3>\n<ul>\n<li>Gleichzeitige Testung mehrerer Parameter<\/li>\n<li>Automatisierte Schnelltestplattform (Ergebnisse in 15- 20 Minuten)<\/li>\n<li>Leicht adaptierbar f\u00fcr Kundenanwendungen<\/li>\n<li>Performance vergleichbar mit teuren Labormethoden (Hohe Empfindlichkeit, Quantifizierung)<\/li>\n<li>IVD-CE (Hardware\/Software)<\/li>\n<\/ul>\n<p>Die GENSPEED\u00ae-Technologie weist ein sehr breites Anwendungsspektrum auf: GENSPEED\u00ae kann sowohl f\u00fcr nukleins\u00e4urebasierte, also genetische Tests, wie auch f\u00fcr proteinbasierte Tests angewendet werden.<\/p>\n<p>Das GENSPEED\u00ae-Testportfolio zum Nachweis von Krankenhauskeimen basiert auf indirekter PCR-basierter Detektion von DNA. Der Nachweis von Parodontitis-Erregern hingegen ist ein direkter RNA-basierter Test. Neben diesen Nukleins\u00e4ure-basierten Analyseverfahren erlaubt GENSPEED\u00ae zus\u00e4tzlich den direkten Nachweis von bis zu acht Protein-Biomarkern aus einer Patientenprobe in wenigen Minuten. Die ist sowohl qualitativ als auch quantitativ m\u00f6glich.<\/p>\t\t\t\t\t\t\t\t<\/div>\n\t\t\t\t<\/div>\n\t\t\t\t\t<\/div>\n\t\t<\/div>\n\t\t\t\t\t<\/div>\n\t\t<\/section>\n\t\t\t\t<section class=\"elementor-section elementor-top-section elementor-element elementor-element-274c316 elementor-section-boxed elementor-section-height-default elementor-section-height-default\" data-id=\"274c316\" data-element_type=\"section\" data-e-type=\"section\">\n\t\t\t\t\t\t<div class=\"elementor-container elementor-column-gap-default\">\n\t\t\t\t\t<div class=\"elementor-column elementor-col-100 elementor-top-column elementor-element elementor-element-83277d8\" data-id=\"83277d8\" data-element_type=\"column\" data-e-type=\"column\">\n\t\t\t<div class=\"elementor-widget-wrap elementor-element-populated\">\n\t\t\t\t\t\t<div class=\"elementor-element elementor-element-019bbb4 elementor-widget elementor-widget-image\" data-id=\"019bbb4\" data-element_type=\"widget\" data-e-type=\"widget\" data-widget_type=\"image.default\">\n\t\t\t\t<div class=\"elementor-widget-container\">\n\t\t\t\t\t\t\t\t\t\t\t\t\t\t\t<img fetchpriority=\"high\" decoding=\"async\" width=\"740\" height=\"243\" src=\"https:\/\/www.genspeed-biotech.com\/wp-content\/uploads\/2019\/10\/Technologie-1024x336.jpg\" class=\"attachment-large size-large wp-image-437\" alt=\"\" srcset=\"https:\/\/www.genspeed-biotech.com\/wp-content\/uploads\/2019\/10\/Technologie-1024x336.jpg 1024w, https:\/\/www.genspeed-biotech.com\/wp-content\/uploads\/2019\/10\/Technologie-300x98.jpg 300w, https:\/\/www.genspeed-biotech.com\/wp-content\/uploads\/2019\/10\/Technologie-768x252.jpg 768w, https:\/\/www.genspeed-biotech.com\/wp-content\/uploads\/2019\/10\/Technologie.jpg 1064w\" sizes=\"100vw\" \/>\t\t\t\t\t\t\t\t\t\t\t\t\t\t\t<\/div>\n\t\t\t\t<\/div>\n\t\t\t\t\t<\/div>\n\t\t<\/div>\n\t\t\t\t\t<\/div>\n\t\t<\/section>\n\t\t\t\t<\/div>\n\t\t","protected":false},"excerpt":{"rendered":"<p>Als Basis f\u00fcr unsere Tests dient die patentierte GENSPEED\u00ae-Technologie: Sie kombiniert Mikrofluidik, miniaturisierte Optoelektronik und Automatisierung zu einem kompakten, einfachen und verl\u00e4sslichen Schnelltestsystem. GENSPEED\u00ae erlaubt, in einer Patientenprobe bis zu 8 Parameter gleichzeitig, direkt vor Ort und in wenigen Minuten mit hoher Empfindlichkeit nachzuweisen. https:\/\/www.youtube.com\/watch?v=EgsA15pNvA8&#038;feature=youtu.be Im Rahmen der Testdurchf\u00fchrung wird einfach ein GENSPEED\u00ae-Testchip in das &hellip; <\/p>\n<p class=\"link-more\"><a href=\"https:\/\/www.genspeed-biotech.com\/?page_id=31\" class=\"more-link\"><span class=\"screen-reader-text\">\u201eTechnologie\u201c<\/span> weiterlesen<\/a><\/p>\n","protected":false},"author":1,"featured_media":0,"parent":0,"menu_order":0,"comment_status":"closed","ping_status":"closed","template":"","meta":{"footnotes":""},"class_list":["post-31","page","type-page","status-publish","hentry"],"_links":{"self":[{"href":"https:\/\/www.genspeed-biotech.com\/index.php?rest_route=\/wp\/v2\/pages\/31","targetHints":{"allow":["GET"]}}],"collection":[{"href":"https:\/\/www.genspeed-biotech.com\/index.php?rest_route=\/wp\/v2\/pages"}],"about":[{"href":"https:\/\/www.genspeed-biotech.com\/index.php?rest_route=\/wp\/v2\/types\/page"}],"author":[{"embeddable":true,"href":"https:\/\/www.genspeed-biotech.com\/index.php?rest_route=\/wp\/v2\/users\/1"}],"replies":[{"embeddable":true,"href":"https:\/\/www.genspeed-biotech.com\/index.php?rest_route=%2Fwp%2Fv2%2Fcomments&post=31"}],"version-history":[{"count":16,"href":"https:\/\/www.genspeed-biotech.com\/index.php?rest_route=\/wp\/v2\/pages\/31\/revisions"}],"predecessor-version":[{"id":1690,"href":"https:\/\/www.genspeed-biotech.com\/index.php?rest_route=\/wp\/v2\/pages\/31\/revisions\/1690"}],"wp:attachment":[{"href":"https:\/\/www.genspeed-biotech.com\/index.php?rest_route=%2Fwp%2Fv2%2Fmedia&parent=31"}],"curies":[{"name":"wp","href":"https:\/\/api.w.org\/{rel}","templated":true}]}}